{"id":40,"date":"2014-02-27T23:17:29","date_gmt":"2014-02-27T22:17:29","guid":{"rendered":"http:\/\/www.sasaregorsek.com\/?page_id=40"},"modified":"2014-08-21T22:42:46","modified_gmt":"2014-08-21T21:42:46","slug":"video","status":"publish","type":"page","link":"https:\/\/www.sasaregorsek.com\/?page_id=40","title":{"rendered":"Video"},"content":{"rendered":"<p>Short film for presenting \u201cMaxime estante\u201d (authorship Charlotte Perriand) in MUDE \u2013 Museu do Design e da Moda, Lisbon, Portugal<br \/>\n<a href=\"http:\/\/www.sasaregorsek.com\/wp-content\/uploads\/2014\/08\/MEXICE-estante.jpg\"><img loading=\"lazy\" decoding=\"async\" src=\"http:\/\/www.sasaregorsek.com\/wp-content\/uploads\/2014\/08\/MEXICE-estante-300x150.jpg\" alt=\"MEXICE estante\" width=\"300\" height=\"150\" class=\"aligncenter size-medium wp-image-143\" srcset=\"https:\/\/www.sasaregorsek.com\/wp-content\/uploads\/2014\/08\/MEXICE-estante-300x150.jpg 300w, https:\/\/www.sasaregorsek.com\/wp-content\/uploads\/2014\/08\/MEXICE-estante-1024x512.jpg 1024w\" sizes=\"auto, (max-width: 300px) 100vw, 300px\" \/><\/a><br \/>\n<iframe loading=\"lazy\" src=\"\/\/player.vimeo.com\/video\/102937992\" width=\"500\" height=\"281\" frameborder=\"0\" webkitallowfullscreen mozallowfullscreen allowfullscreen><\/iframe> <\/p>\n<p><a href=\"http:\/\/vimeo.com\/102937992\">Maxime estante<\/a> from <a href=\"http:\/\/vimeo.com\/user21872464\">sa&scaron;a regor&scaron;ek<\/a> on <a href=\"https:\/\/vimeo.com\">Vimeo<\/a>.<\/p>\n<p><em>A competition for short promotional film Wood with Ma\u0161a Mato\u0161a, third prize<\/em><br \/>\n<a href=\"http:\/\/www.sasaregorsek.com\/wp-content\/uploads\/2014\/08\/wood.jpg\"><img loading=\"lazy\" decoding=\"async\" src=\"http:\/\/www.sasaregorsek.com\/wp-content\/uploads\/2014\/08\/wood-300x150.jpg\" alt=\"wood\" width=\"300\" height=\"150\" class=\"aligncenter size-medium wp-image-162\" srcset=\"https:\/\/www.sasaregorsek.com\/wp-content\/uploads\/2014\/08\/wood-300x150.jpg 300w, https:\/\/www.sasaregorsek.com\/wp-content\/uploads\/2014\/08\/wood-1024x512.jpg 1024w\" sizes=\"auto, (max-width: 300px) 100vw, 300px\" \/><\/a><br \/>\n<iframe loading=\"lazy\" src=\"\/\/player.vimeo.com\/video\/103287367\" width=\"500\" height=\"281\" frameborder=\"0\" webkitallowfullscreen mozallowfullscreen allowfullscreen><\/iframe> <\/p>\n<p><a href=\"http:\/\/vimeo.com\/103287367\">Wood<\/a> from <a href=\"http:\/\/vimeo.com\/user21872464\">sa&scaron;a regor&scaron;ek<\/a> on <a href=\"https:\/\/vimeo.com\">Vimeo<\/a>.<\/p>\n<p><em>Endless summer, hobby film<\/em><br \/>\n<iframe loading=\"lazy\" src=\"\/\/player.vimeo.com\/video\/102946531\" width=\"500\" height=\"281\" frameborder=\"0\" webkitallowfullscreen mozallowfullscreen allowfullscreen><\/iframe> <\/p>\n<p><a href=\"http:\/\/vimeo.com\/102946531\">\u017dan<\/a> from <a href=\"http:\/\/vimeo.com\/user21872464\">sa&scaron;a regor&scaron;ek<\/a> on <a href=\"https:\/\/vimeo.com\">Vimeo<\/a>.<\/p>\n<p><\/p>","protected":false},"excerpt":{"rendered":"<p>Short film for presenting \u201cMaxime estante\u201d (authorship Charlotte Perriand) in MUDE \u2013 Museu do Design e da Moda, Lisbon, Portugal Maxime estante from sa&scaron;a regor&scaron;ek on Vimeo. A competition for short promotional film Wood with Ma\u0161a Mato\u0161a, third prize Wood from sa&scaron;a regor&scaron;ek on Vimeo. Endless summer, hobby film \u017dan from sa&scaron;a regor&scaron;ek on Vimeo.<\/p>\n","protected":false},"author":1,"featured_media":0,"parent":0,"menu_order":0,"comment_status":"closed","ping_status":"closed","template":"","meta":{"footnotes":""},"class_list":["post-40","page","type-page","status-publish","hentry"],"_links":{"self":[{"href":"https:\/\/www.sasaregorsek.com\/index.php?rest_route=\/wp\/v2\/pages\/40","targetHints":{"allow":["GET"]}}],"collection":[{"href":"https:\/\/www.sasaregorsek.com\/index.php?rest_route=\/wp\/v2\/pages"}],"about":[{"href":"https:\/\/www.sasaregorsek.com\/index.php?rest_route=\/wp\/v2\/types\/page"}],"author":[{"embeddable":true,"href":"https:\/\/www.sasaregorsek.com\/index.php?rest_route=\/wp\/v2\/users\/1"}],"replies":[{"embeddable":true,"href":"https:\/\/www.sasaregorsek.com\/index.php?rest_route=%2Fwp%2Fv2%2Fcomments&post=40"}],"version-history":[{"count":5,"href":"https:\/\/www.sasaregorsek.com\/index.php?rest_route=\/wp\/v2\/pages\/40\/revisions"}],"predecessor-version":[{"id":178,"href":"https:\/\/www.sasaregorsek.com\/index.php?rest_route=\/wp\/v2\/pages\/40\/revisions\/178"}],"wp:attachment":[{"href":"https:\/\/www.sasaregorsek.com\/index.php?rest_route=%2Fwp%2Fv2%2Fmedia&parent=40"}],"curies":[{"name":"wp","href":"https:\/\/api.w.org\/{rel}","templated":true}]}}